{"id":26,"date":"2015-12-27T18:39:25","date_gmt":"2015-12-27T18:39:25","guid":{"rendered":"http:\/\/infoafrica.ch\/aktuell\/?page_id=26"},"modified":"2021-05-12T16:37:36","modified_gmt":"2021-05-12T14:37:36","slug":"home","status":"publish","type":"page","link":"https:\/\/infoafrica.ch\/aktuell\/","title":{"rendered":"Home"},"content":{"rendered":"<p style=\"text-align: right;\">dt \u00a0\u00a0 <a href=\"http:\/\/infoafrica.ch\/aktuell\/home-2\/\">en<\/a> \u00a0 fr<\/p>\n<h4>Den Namen Afrika haben die R\u00f6mer f\u00fcr das Gebiet Karthagos und des \u00f6stlichen Atlas verwendet. Etymologisch vielleicht vom Berbervolk <em>Aourigha<\/em> (ausgesprochen: afriga), heute Aouraghen.<\/h4>\n<h4>\u201eIn der Antike sollen die Griechen den afrikanischen Kontinent <em>Libya,<\/em> die R\u00f6mer ihn<em> Africa <\/em>genannt haben, m\u00f6glicherweise vom lateinischen <em>aprica<\/em> (\u201csonnig\u201d) oder vom griechischen <em>aphrike<\/em> (\u201cohne K\u00e4lte\u201d). Der Name Afrika wurde jedoch haupts\u00e4chlich f\u00fcr die Nordk\u00fcste des Kontinentes verwendet, die als s\u00fcdliche Erweiterung Europas betrachtet wurde. Die R\u00f6mer, die eine Zeit lang \u00fcber die afrikanische Nordk\u00fcste herrschten, sollen den Bereich s\u00fcdlich ihrer Siedlungen <em>Afriga<\/em> oder das <em>Land der Afrigs<\/em> genannt haben &#8211; der Name einer Berbergemeinschaft s\u00fcdlich von Karthago.\u201c (Encyclopaedia Britannica)<strong><br \/><\/strong><\/h4>\n<h4>\u00a0<\/h4>\n<h4>Fl\u00e4che:\u00a0\u00a0\u00a0\u00a0\u00a0\u00a0\u00a0\u00a0\u00a0\u00a0\u00a0\u00a0\u00a0\u00a0\u00a0\u00a0\u00a0\u00a0\u00a0\u00a0\u00a0\u00a0 30.328 Mio km<sup>2 \u00a0<\/sup> (zweitgr\u00f6sster Kontinent)<\/h4>\n<h4>Sub-Sahara-Afrika:\u00a0\u00a0 24.265 Mio km<sup>2<\/sup><\/h4>\n<h4>Bev\u00f6lkerung:\u00a0\u00a0\u00a0\u00a0\u00a0\u00a0\u00a0\u00a0\u00a0\u00a0\u00a0\u00a0 1,346 Mia. (ca. 17% der Weltbev\u00f6lkerung)(2020, worldometers.info)<\/h4>\n<h4>Sub-Sahara-Afrika:\u00a0\u00a0 1&#8217;076 Mio. (2020, Q: UNFPA)<\/h4>\n<h4>Sprachen: \u00a0\u00a0\u00a0\u00a0\u00a0\u00a0\u00a0\u00a0\u00a0\u00a0\u00a0\u00a0\u00a0\u00a0\u00a0\u00a0 1&#8217;500 &#8211; 2&#8217;000<\/h4>\n<h4>\u00a0\u00a0 <a href=\"https:\/\/www.au.int\/en\/\">Afrikanische Union<\/a>:\u00a0 Arabisch, Franz\u00f6sisch, Englisch, Portugiesisch<\/h4>\n<h4>54 Staaten\u00a0 (ohne Demokratische Arabische Republik Sahara und Republik Somaliland)<\/h4>\n\n\n<p><\/p>\n","protected":false},"excerpt":{"rendered":"<p class=\"excerpt\">dt \u00a0\u00a0 en \u00a0 fr Den Namen Afrika haben die R\u00f6mer f\u00fcr das Gebiet Karthagos und des \u00f6stlichen Atlas verwendet. Etymologisch vielleicht vom Berbervolk Aourigha (ausgesprochen: afriga), heute Aouraghen. \u201eIn der Antike sollen die Griechen den afrikanischen Kontinent Libya, die R\u00f6mer ihn Africa genannt haben, m\u00f6glicherweise vom lateinischen aprica (\u201csonnig\u201d) oder vom griechischen aphrike (\u201cohne K\u00e4lte\u201d). Der Name Afrika wurde&hellip;<\/p>\n<p class=\"more-link-p\"><a class=\"btn btn-default\" href=\"https:\/\/infoafrica.ch\/aktuell\/\">Read more<\/a><\/p>\n","protected":false},"author":1,"featured_media":0,"parent":0,"menu_order":0,"comment_status":"closed","ping_status":"closed","template":"","meta":{"footnotes":""},"class_list":["post-26","page","type-page","status-publish","hentry"],"_links":{"self":[{"href":"https:\/\/infoafrica.ch\/aktuell\/wp-json\/wp\/v2\/pages\/26","targetHints":{"allow":["GET"]}}],"collection":[{"href":"https:\/\/infoafrica.ch\/aktuell\/wp-json\/wp\/v2\/pages"}],"about":[{"href":"https:\/\/infoafrica.ch\/aktuell\/wp-json\/wp\/v2\/types\/page"}],"author":[{"embeddable":true,"href":"https:\/\/infoafrica.ch\/aktuell\/wp-json\/wp\/v2\/users\/1"}],"replies":[{"embeddable":true,"href":"https:\/\/infoafrica.ch\/aktuell\/wp-json\/wp\/v2\/comments?post=26"}],"version-history":[{"count":24,"href":"https:\/\/infoafrica.ch\/aktuell\/wp-json\/wp\/v2\/pages\/26\/revisions"}],"predecessor-version":[{"id":347,"href":"https:\/\/infoafrica.ch\/aktuell\/wp-json\/wp\/v2\/pages\/26\/revisions\/347"}],"wp:attachment":[{"href":"https:\/\/infoafrica.ch\/aktuell\/wp-json\/wp\/v2\/media?parent=26"}],"curies":[{"name":"wp","href":"https:\/\/api.w.org\/{rel}","templated":true}]}}