{"id":20,"date":"2015-12-27T18:36:02","date_gmt":"2015-12-27T18:36:02","guid":{"rendered":"http:\/\/infoafrica.ch\/aktuell\/?page_id=20"},"modified":"2023-12-08T18:18:45","modified_gmt":"2023-12-08T17:18:45","slug":"zur-person","status":"publish","type":"page","link":"https:\/\/infoafrica.ch\/aktuell\/zur-person\/","title":{"rendered":"Person"},"content":{"rendered":"<p><img loading=\"lazy\" decoding=\"async\" class=\"alignnone wp-image-115\" src=\"http:\/\/infoafrica.ch\/aktuell\/wp-content\/uploads\/2015\/12\/Cairo-2010-low-300x225.jpg\" alt=\"Cairo 2010 low\" width=\"251\" height=\"188\" srcset=\"https:\/\/infoafrica.ch\/aktuell\/wp-content\/uploads\/2015\/12\/Cairo-2010-low-300x225.jpg 300w, https:\/\/infoafrica.ch\/aktuell\/wp-content\/uploads\/2015\/12\/Cairo-2010-low-768x575.jpg 768w, https:\/\/infoafrica.ch\/aktuell\/wp-content\/uploads\/2015\/12\/Cairo-2010-low.jpg 1024w\" sizes=\"auto, (max-width: 251px) 100vw, 251px\" \/><\/p>\n<p>Ruedi K\u00fcng<\/p>\n<p>Ich besch\u00e4ftige mich seit \u00fcber 40 Jahren mit Afrika und habe elf Jahre in Uganda, S\u00fcdafrika, Sudan und Kenia gelebt.<\/p>\n<p>Als Afrikakorrespondent von Schweizer Radio DRS &#8211; heute SRF &#8211; bereiste ich zw\u00f6lf Jahre lang den afrikanischen Kontinent s\u00fcdlich der Sahara.<\/p>\n<p>Seit 2010 verfolge ich mit InfoAfrica.ch als freier Afrikaspezialist die Entwicklungen auf dem afrikanischen Kontinent und vertiefe meine Kenntnisse durch kontinuierliche Recherchen und gelegentliche Reisen.<\/p>\n<p>Ich habe ein Philosophie- und Politikwissenschaftsstudium (lic.phil.I) absolviert, war Delegierter des Internationalen Komitees vom Roten Kreuz IKRK und Redaktor f\u00fcr internationale Politik beim Schweizer TV und Radio SRF.<\/p>\n","protected":false},"excerpt":{"rendered":"<p class=\"excerpt\">Ruedi K\u00fcng Ich besch\u00e4ftige mich seit \u00fcber 40 Jahren mit Afrika und habe elf Jahre in Uganda, S\u00fcdafrika, Sudan und Kenia gelebt. Als Afrikakorrespondent von Schweizer Radio DRS &#8211; heute SRF &#8211; bereiste ich zw\u00f6lf Jahre lang den afrikanischen Kontinent s\u00fcdlich der Sahara. Seit 2010 verfolge ich mit InfoAfrica.ch als freier Afrikaspezialist die Entwicklungen auf dem afrikanischen Kontinent und vertiefe&hellip;<\/p>\n<p class=\"more-link-p\"><a class=\"btn btn-default\" href=\"https:\/\/infoafrica.ch\/aktuell\/zur-person\/\">Read more<\/a><\/p>\n","protected":false},"author":2,"featured_media":0,"parent":0,"menu_order":4,"comment_status":"closed","ping_status":"closed","template":"","meta":{"footnotes":""},"class_list":["post-20","page","type-page","status-publish","hentry"],"_links":{"self":[{"href":"https:\/\/infoafrica.ch\/aktuell\/wp-json\/wp\/v2\/pages\/20","targetHints":{"allow":["GET"]}}],"collection":[{"href":"https:\/\/infoafrica.ch\/aktuell\/wp-json\/wp\/v2\/pages"}],"about":[{"href":"https:\/\/infoafrica.ch\/aktuell\/wp-json\/wp\/v2\/types\/page"}],"author":[{"embeddable":true,"href":"https:\/\/infoafrica.ch\/aktuell\/wp-json\/wp\/v2\/users\/2"}],"replies":[{"embeddable":true,"href":"https:\/\/infoafrica.ch\/aktuell\/wp-json\/wp\/v2\/comments?post=20"}],"version-history":[{"count":10,"href":"https:\/\/infoafrica.ch\/aktuell\/wp-json\/wp\/v2\/pages\/20\/revisions"}],"predecessor-version":[{"id":381,"href":"https:\/\/infoafrica.ch\/aktuell\/wp-json\/wp\/v2\/pages\/20\/revisions\/381"}],"wp:attachment":[{"href":"https:\/\/infoafrica.ch\/aktuell\/wp-json\/wp\/v2\/media?parent=20"}],"curies":[{"name":"wp","href":"https:\/\/api.w.org\/{rel}","templated":true}]}}