{"id":18,"date":"2015-12-27T18:35:37","date_gmt":"2015-12-27T18:35:37","guid":{"rendered":"http:\/\/infoafrica.ch\/aktuell\/?page_id=18"},"modified":"2018-11-15T13:36:05","modified_gmt":"2018-11-15T12:36:05","slug":"dienstleistungen","status":"publish","type":"page","link":"https:\/\/infoafrica.ch\/aktuell\/dienstleistungen\/","title":{"rendered":"Dienste"},"content":{"rendered":"<ul>\n<li>Referate zu spezifischen Themen und L\u00e4ndern<\/li>\n<li>Moderationsgespr\u00e4che mit und Pr\u00e4sentationen von Literaturschaffenden bei Lesungen<\/li>\n<li>Moderationen von wissenschaftlichen Veranstaltungen und Podien<\/li>\n<li>Journalistische Recherchen und Berichte in Text, Ton und Bild<\/li>\n<li>Wissenschaftliche Recherchen<\/li>\n<li>Beratungen<\/li>\n<\/ul>\n<p><em>Alle T\u00e4tigkeiten sollen einen Bezug zu afrikanischen oder f\u00fcr Afrika relevanten Themen haben und k\u00f6nnen in deutscher, franz\u00f6sischer und englischer Sprache &#8211; auch gleichzeitig oder mit zusammenfassender \u00dcbersetzung &#8211; erfolgen.<br \/>\n<\/em><\/p>\n<p>&nbsp;<\/p>\n<p><img loading=\"lazy\" decoding=\"async\" class=\" wp-image-301\" src=\"http:\/\/infoafrica.ch\/aktuell\/wp-content\/uploads\/2018\/11\/BuchBasel_11112018cBen_Koechlin2-300x200.jpg\" alt=\"\" width=\"392\" height=\"261\" srcset=\"https:\/\/infoafrica.ch\/aktuell\/wp-content\/uploads\/2018\/11\/BuchBasel_11112018cBen_Koechlin2-300x200.jpg 300w, https:\/\/infoafrica.ch\/aktuell\/wp-content\/uploads\/2018\/11\/BuchBasel_11112018cBen_Koechlin2-768x512.jpg 768w, https:\/\/infoafrica.ch\/aktuell\/wp-content\/uploads\/2018\/11\/BuchBasel_11112018cBen_Koechlin2-1024x682.jpg 1024w, https:\/\/infoafrica.ch\/aktuell\/wp-content\/uploads\/2018\/11\/BuchBasel_11112018cBen_Koechlin2.jpg 2000w\" sizes=\"auto, (max-width: 392px) 100vw, 392px\" \/><img loading=\"lazy\" decoding=\"async\" class=\" wp-image-302 alignright\" src=\"http:\/\/infoafrica.ch\/aktuell\/wp-content\/uploads\/2018\/11\/BuchBasel_11112018cBen_Koechlin4-200x300.jpg\" alt=\"\" width=\"169\" height=\"254\" srcset=\"https:\/\/infoafrica.ch\/aktuell\/wp-content\/uploads\/2018\/11\/BuchBasel_11112018cBen_Koechlin4-200x300.jpg 200w, https:\/\/infoafrica.ch\/aktuell\/wp-content\/uploads\/2018\/11\/BuchBasel_11112018cBen_Koechlin4-768x1152.jpg 768w, https:\/\/infoafrica.ch\/aktuell\/wp-content\/uploads\/2018\/11\/BuchBasel_11112018cBen_Koechlin4-682x1024.jpg 682w, https:\/\/infoafrica.ch\/aktuell\/wp-content\/uploads\/2018\/11\/BuchBasel_11112018cBen_Koechlin4.jpg 1333w\" sizes=\"auto, (max-width: 169px) 100vw, 169px\" \/><\/p>\n<p>Buchbasel, 11.11.2018, \u00abWriters in Prison Day\u00bb Elnathan John, Isabelle Stoffel (r.) \u00a9 Ben Koechlin<\/p>\n<div id=\"attachment_282\" style=\"width: 300px\" class=\"wp-caption alignright\"><img loading=\"lazy\" decoding=\"async\" aria-describedby=\"caption-attachment-282\" class=\"wp-image-282 size-full\" src=\"http:\/\/infoafrica.ch\/aktuell\/wp-content\/uploads\/2018\/01\/2017-09-11-20-04-28-e1506678049960.jpg\" alt=\"\" width=\"290\" height=\"290\" srcset=\"https:\/\/infoafrica.ch\/aktuell\/wp-content\/uploads\/2018\/01\/2017-09-11-20-04-28-e1506678049960.jpg 290w, https:\/\/infoafrica.ch\/aktuell\/wp-content\/uploads\/2018\/01\/2017-09-11-20-04-28-e1506678049960-150x150.jpg 150w\" sizes=\"auto, (max-width: 290px) 100vw, 290px\" \/><p id=\"caption-attachment-282\" class=\"wp-caption-text\">Ariela Sarbacher, Yaa Gyasi, RK<\/p><\/div>\n<div id=\"attachment_283\" style=\"width: 310px\" class=\"wp-caption alignnone\"><img loading=\"lazy\" decoding=\"async\" aria-describedby=\"caption-attachment-283\" class=\"size-medium wp-image-283\" src=\"http:\/\/infoafrica.ch\/aktuell\/wp-content\/uploads\/2018\/01\/21480361_280779075771369_2318259493378457600_n-300x300.jpg\" alt=\"\" width=\"300\" height=\"300\" srcset=\"https:\/\/infoafrica.ch\/aktuell\/wp-content\/uploads\/2018\/01\/21480361_280779075771369_2318259493378457600_n-300x300.jpg 300w, https:\/\/infoafrica.ch\/aktuell\/wp-content\/uploads\/2018\/01\/21480361_280779075771369_2318259493378457600_n-150x150.jpg 150w, https:\/\/infoafrica.ch\/aktuell\/wp-content\/uploads\/2018\/01\/21480361_280779075771369_2318259493378457600_n.jpg 640w\" sizes=\"auto, (max-width: 300px) 100vw, 300px\" \/><p id=\"caption-attachment-283\" class=\"wp-caption-text\">Yaa Gyasi, Lesung aus ihrem Roman \u00abHeimkehr\u00bb, 11.9.2017, Kaufleuten, Z\u00fcrich<\/p><\/div>\n<div id=\"attachment_251\" style=\"width: 310px\" class=\"wp-caption alignleft\"><img loading=\"lazy\" decoding=\"async\" aria-describedby=\"caption-attachment-251\" class=\"size-medium wp-image-251\" src=\"http:\/\/infoafrica.ch\/aktuell\/wp-content\/uploads\/2015\/12\/IMG_8227-Ausschnitt-300x239.jpg\" alt=\"\" width=\"300\" height=\"239\" srcset=\"https:\/\/infoafrica.ch\/aktuell\/wp-content\/uploads\/2015\/12\/IMG_8227-Ausschnitt-300x239.jpg 300w, https:\/\/infoafrica.ch\/aktuell\/wp-content\/uploads\/2015\/12\/IMG_8227-Ausschnitt-768x611.jpg 768w, https:\/\/infoafrica.ch\/aktuell\/wp-content\/uploads\/2015\/12\/IMG_8227-Ausschnitt-1024x815.jpg 1024w, https:\/\/infoafrica.ch\/aktuell\/wp-content\/uploads\/2015\/12\/IMG_8227-Ausschnitt.jpg 1617w\" sizes=\"auto, (max-width: 300px) 100vw, 300px\" \/><p id=\"caption-attachment-251\" class=\"wp-caption-text\">Lesung Fiston Mwanza Mujila am Festival Pas de probl\u00e8me in Z\u00fcrich, 4.7.2017<\/p><\/div>\n<div id=\"attachment_260\" style=\"width: 227px\" class=\"wp-caption alignright\"><img loading=\"lazy\" decoding=\"async\" aria-describedby=\"caption-attachment-260\" class=\"size-medium wp-image-260\" src=\"http:\/\/infoafrica.ch\/aktuell\/wp-content\/uploads\/2015\/12\/B1CC3813-217x300.jpg\" alt=\"\" width=\"217\" height=\"300\" srcset=\"https:\/\/infoafrica.ch\/aktuell\/wp-content\/uploads\/2015\/12\/B1CC3813-217x300.jpg 217w, https:\/\/infoafrica.ch\/aktuell\/wp-content\/uploads\/2015\/12\/B1CC3813-768x1061.jpg 768w, https:\/\/infoafrica.ch\/aktuell\/wp-content\/uploads\/2015\/12\/B1CC3813-742x1024.jpg 742w\" sizes=\"auto, (max-width: 217px) 100vw, 217px\" \/><p id=\"caption-attachment-260\" class=\"wp-caption-text\">Fiston Mwanza Mujila liest aus seinem Roman \u00abTram83\u00bb, Festival Pas de probl\u00e8me, Z\u00fcrich, 4. Juni 2017<\/p><\/div>\n<div id=\"attachment_254\" style=\"width: 310px\" class=\"wp-caption alignright\"><img loading=\"lazy\" decoding=\"async\" aria-describedby=\"caption-attachment-254\" class=\"wp-image-254 size-medium\" src=\"http:\/\/infoafrica.ch\/aktuell\/wp-content\/uploads\/2015\/12\/20161104_165310-300x169.jpg\" alt=\"\" width=\"300\" height=\"169\" srcset=\"https:\/\/infoafrica.ch\/aktuell\/wp-content\/uploads\/2015\/12\/20161104_165310-300x169.jpg 300w, https:\/\/infoafrica.ch\/aktuell\/wp-content\/uploads\/2015\/12\/20161104_165310-768x432.jpg 768w, https:\/\/infoafrica.ch\/aktuell\/wp-content\/uploads\/2015\/12\/20161104_165310-1024x576.jpg 1024w\" sizes=\"auto, (max-width: 300px) 100vw, 300px\" \/><p id=\"caption-attachment-254\" class=\"wp-caption-text\">Ken Bugul, Weltfilmtage Thusis, 4. Nov. 2016<\/p><\/div>\n<div id=\"attachment_256\" style=\"width: 262px\" class=\"wp-caption alignleft\"><img loading=\"lazy\" decoding=\"async\" aria-describedby=\"caption-attachment-256\" class=\"size-medium wp-image-256\" src=\"http:\/\/infoafrica.ch\/aktuell\/wp-content\/uploads\/2015\/12\/Ken-Bugul-Ausschnitt-252x300.jpg\" alt=\"\" width=\"252\" height=\"300\" srcset=\"https:\/\/infoafrica.ch\/aktuell\/wp-content\/uploads\/2015\/12\/Ken-Bugul-Ausschnitt-252x300.jpg 252w, https:\/\/infoafrica.ch\/aktuell\/wp-content\/uploads\/2015\/12\/Ken-Bugul-Ausschnitt-768x913.jpg 768w, https:\/\/infoafrica.ch\/aktuell\/wp-content\/uploads\/2015\/12\/Ken-Bugul-Ausschnitt-861x1024.jpg 861w, https:\/\/infoafrica.ch\/aktuell\/wp-content\/uploads\/2015\/12\/Ken-Bugul-Ausschnitt.jpg 1985w\" sizes=\"auto, (max-width: 252px) 100vw, 252px\" \/><p id=\"caption-attachment-256\" class=\"wp-caption-text\">Ken Bugul, Weltfilmtage Thusis, 4. Nov. 2016<\/p><\/div>\n<div id=\"attachment_253\" style=\"width: 178px\" class=\"wp-caption alignright\"><img loading=\"lazy\" decoding=\"async\" aria-describedby=\"caption-attachment-253\" class=\"size-medium wp-image-253\" src=\"http:\/\/infoafrica.ch\/aktuell\/wp-content\/uploads\/2015\/12\/mit-Ken-Bugul-2-4-Nov-2016-168x300.jpg\" alt=\"\" width=\"168\" height=\"300\" srcset=\"https:\/\/infoafrica.ch\/aktuell\/wp-content\/uploads\/2015\/12\/mit-Ken-Bugul-2-4-Nov-2016-168x300.jpg 168w, https:\/\/infoafrica.ch\/aktuell\/wp-content\/uploads\/2015\/12\/mit-Ken-Bugul-2-4-Nov-2016.jpg 287w\" sizes=\"auto, (max-width: 168px) 100vw, 168px\" \/><p id=\"caption-attachment-253\" class=\"wp-caption-text\">Ken Bugul, Weltfilmtage Thusis 4. Nov. 2016<\/p><\/div>\n<div id=\"attachment_145\" style=\"width: 327px\" class=\"wp-caption aligncenter\"><img loading=\"lazy\" decoding=\"async\" aria-describedby=\"caption-attachment-145\" class=\" wp-image-145\" src=\"http:\/\/infoafrica.ch\/aktuell\/wp-content\/uploads\/2015\/12\/DSC4358-300x200.jpg\" alt=\"Lesung Chimamanda Ngozi Adichie Literaturhaus Basel, 15. Mai 2014\" width=\"317\" height=\"211\" srcset=\"https:\/\/infoafrica.ch\/aktuell\/wp-content\/uploads\/2015\/12\/DSC4358-300x200.jpg 300w, https:\/\/infoafrica.ch\/aktuell\/wp-content\/uploads\/2015\/12\/DSC4358-768x511.jpg 768w, https:\/\/infoafrica.ch\/aktuell\/wp-content\/uploads\/2015\/12\/DSC4358-1024x681.jpg 1024w, https:\/\/infoafrica.ch\/aktuell\/wp-content\/uploads\/2015\/12\/DSC4358.jpg 1154w\" sizes=\"auto, (max-width: 317px) 100vw, 317px\" \/><p id=\"caption-attachment-145\" class=\"wp-caption-text\">Lesung Chimamanda Ngozi Adichie Literaturhaus Basel, 15. Mai 2014<\/p><\/div>\n<div id=\"attachment_134\" style=\"width: 401px\" class=\"wp-caption alignright\"><img loading=\"lazy\" decoding=\"async\" aria-describedby=\"caption-attachment-134\" class=\" wp-image-134\" src=\"http:\/\/infoafrica.ch\/aktuell\/wp-content\/uploads\/2015\/12\/DSC4363-300x200.jpg\" alt=\"Lesung Chimamanda Ngozi Adichie im Literaturhaus, Basel, 15. Mai 2014\" width=\"391\" height=\"261\" srcset=\"https:\/\/infoafrica.ch\/aktuell\/wp-content\/uploads\/2015\/12\/DSC4363-300x200.jpg 300w, https:\/\/infoafrica.ch\/aktuell\/wp-content\/uploads\/2015\/12\/DSC4363-768x511.jpg 768w, https:\/\/infoafrica.ch\/aktuell\/wp-content\/uploads\/2015\/12\/DSC4363-1024x681.jpg 1024w, https:\/\/infoafrica.ch\/aktuell\/wp-content\/uploads\/2015\/12\/DSC4363.jpg 1154w\" sizes=\"auto, (max-width: 391px) 100vw, 391px\" \/><p id=\"caption-attachment-134\" class=\"wp-caption-text\">Lesung Chimamanda Ngozi Adichie im Literaturhaus, Basel, 15. Mai 2014<\/p><\/div>\n<div id=\"attachment_143\" style=\"width: 379px\" class=\"wp-caption alignleft\"><img loading=\"lazy\" decoding=\"async\" aria-describedby=\"caption-attachment-143\" class=\" wp-image-143\" src=\"http:\/\/infoafrica.ch\/aktuell\/wp-content\/uploads\/2015\/12\/Ausschnitt-300x234.jpg\" alt=\"Lesung Alain Mabanckou Z\u00fcrich liest, Hotel Rothaus, 26. Oktober 2013\" width=\"369\" height=\"288\" srcset=\"https:\/\/infoafrica.ch\/aktuell\/wp-content\/uploads\/2015\/12\/Ausschnitt-300x234.jpg 300w, https:\/\/infoafrica.ch\/aktuell\/wp-content\/uploads\/2015\/12\/Ausschnitt-768x598.jpg 768w, https:\/\/infoafrica.ch\/aktuell\/wp-content\/uploads\/2015\/12\/Ausschnitt-1024x798.jpg 1024w, https:\/\/infoafrica.ch\/aktuell\/wp-content\/uploads\/2015\/12\/Ausschnitt.jpg 1845w\" sizes=\"auto, (max-width: 369px) 100vw, 369px\" \/><p id=\"caption-attachment-143\" class=\"wp-caption-text\">Lesung Alain Mabanckou<br \/>Z\u00fcrich liest, Hotel Rothaus, 26. Oktober 2013<\/p><\/div>\n<div id=\"attachment_137\" style=\"width: 269px\" class=\"wp-caption aligncenter\"><img loading=\"lazy\" decoding=\"async\" aria-describedby=\"caption-attachment-137\" class=\" wp-image-137\" src=\"http:\/\/infoafrica.ch\/aktuell\/wp-content\/uploads\/2015\/12\/Mabanckou-300x237.jpg\" alt=\"Alain Mabanckou Z\u00fcrich liest, Hotel Rothaus, 26. Oktober 2013\" width=\"259\" height=\"204\" srcset=\"https:\/\/infoafrica.ch\/aktuell\/wp-content\/uploads\/2015\/12\/Mabanckou-300x237.jpg 300w, https:\/\/infoafrica.ch\/aktuell\/wp-content\/uploads\/2015\/12\/Mabanckou.jpg 475w\" sizes=\"auto, (max-width: 259px) 100vw, 259px\" \/><p id=\"caption-attachment-137\" class=\"wp-caption-text\">Alain Mabanckou<br \/>Z\u00fcrich liest, Hotel Rothaus, 26. Oktober 2013<\/p><\/div>\n<p>&nbsp;<\/p>\n<div id=\"attachment_148\" style=\"width: 461px\" class=\"wp-caption alignleft\"><img loading=\"lazy\" decoding=\"async\" aria-describedby=\"caption-attachment-148\" class=\" wp-image-148\" src=\"http:\/\/infoafrica.ch\/aktuell\/wp-content\/uploads\/2015\/12\/bsSQ3H92PQ-300x225.jpg\" alt=\"Photoforum Pasquart - Urban Realities in South Africa, Biel, 5. Februar 2011\" width=\"451\" height=\"338\" srcset=\"https:\/\/infoafrica.ch\/aktuell\/wp-content\/uploads\/2015\/12\/bsSQ3H92PQ-300x225.jpg 300w, https:\/\/infoafrica.ch\/aktuell\/wp-content\/uploads\/2015\/12\/bsSQ3H92PQ.jpg 328w\" sizes=\"auto, (max-width: 451px) 100vw, 451px\" \/><p id=\"caption-attachment-148\" class=\"wp-caption-text\">Photoforum Pasquart &#8211; Urban Realities in South Africa, Biel, 5. Februar 2011<\/p><\/div>\n<div id=\"attachment_150\" style=\"width: 673px\" class=\"wp-caption aligncenter\"><img loading=\"lazy\" decoding=\"async\" aria-describedby=\"caption-attachment-150\" class=\" wp-image-150\" src=\"http:\/\/infoafrica.ch\/aktuell\/wp-content\/uploads\/2015\/12\/75-ans-Solidar-Suisse-Mai-2011-300x151.jpg\" alt=\"Mme Micheline Calmy-Rey, Pr\u00e9sidente de la Conf\u00e9d\u00e9ration et Ministre des Affaires \u00c9trang\u00e8res et Mme Koumba Boly-Barry, Ministre de l'\u00c9ducation Nationale et de l'Alphab\u00e9tisation du Burkina Faso 75 ans SOLIDAR SUISSE - Succ\u00e8s et limites de la coop\u00e9ration, Volkshaus Z\u00fcrich, 27. Mai 2011\" width=\"663\" height=\"334\" srcset=\"https:\/\/infoafrica.ch\/aktuell\/wp-content\/uploads\/2015\/12\/75-ans-Solidar-Suisse-Mai-2011-300x151.jpg 300w, https:\/\/infoafrica.ch\/aktuell\/wp-content\/uploads\/2015\/12\/75-ans-Solidar-Suisse-Mai-2011-768x386.jpg 768w, https:\/\/infoafrica.ch\/aktuell\/wp-content\/uploads\/2015\/12\/75-ans-Solidar-Suisse-Mai-2011.jpg 800w\" sizes=\"auto, (max-width: 663px) 100vw, 663px\" \/><p id=\"caption-attachment-150\" class=\"wp-caption-text\">Mme Micheline Calmy-Rey,<br \/>Pr\u00e9sidente de la Conf\u00e9d\u00e9ration et Ministre des Affaires \u00c9trang\u00e8res<br \/>et<br \/>Mme Koumba Boly-Barry,<br \/>Ministre de l&#8217;\u00c9ducation Nationale et de l&#8217;Alphab\u00e9tisation du Burkina Faso<br \/>75 ans SOLIDAR SUISSE &#8211; Succ\u00e8s et limites de la coop\u00e9ration, Volkshaus Z\u00fcrich, 27. Mai 2011<\/p><\/div>\n<p>&nbsp;<\/p>\n","protected":false},"excerpt":{"rendered":"<p class=\"excerpt\">Referate zu spezifischen Themen und L\u00e4ndern Moderationsgespr\u00e4che mit und Pr\u00e4sentationen von Literaturschaffenden bei Lesungen Moderationen von wissenschaftlichen Veranstaltungen und Podien Journalistische Recherchen und Berichte in Text, Ton und Bild Wissenschaftliche Recherchen Beratungen Alle T\u00e4tigkeiten sollen einen Bezug zu afrikanischen oder f\u00fcr Afrika relevanten Themen haben und k\u00f6nnen in deutscher, franz\u00f6sischer und englischer Sprache &#8211; auch gleichzeitig oder mit zusammenfassender \u00dcbersetzung&hellip;<\/p>\n<p class=\"more-link-p\"><a class=\"btn btn-default\" href=\"https:\/\/infoafrica.ch\/aktuell\/dienstleistungen\/\">Read more<\/a><\/p>\n","protected":false},"author":1,"featured_media":0,"parent":0,"menu_order":3,"comment_status":"closed","ping_status":"closed","template":"","meta":{"footnotes":""},"class_list":["post-18","page","type-page","status-publish","hentry"],"_links":{"self":[{"href":"https:\/\/infoafrica.ch\/aktuell\/wp-json\/wp\/v2\/pages\/18","targetHints":{"allow":["GET"]}}],"collection":[{"href":"https:\/\/infoafrica.ch\/aktuell\/wp-json\/wp\/v2\/pages"}],"about":[{"href":"https:\/\/infoafrica.ch\/aktuell\/wp-json\/wp\/v2\/types\/page"}],"author":[{"embeddable":true,"href":"https:\/\/infoafrica.ch\/aktuell\/wp-json\/wp\/v2\/users\/1"}],"replies":[{"embeddable":true,"href":"https:\/\/infoafrica.ch\/aktuell\/wp-json\/wp\/v2\/comments?post=18"}],"version-history":[{"count":29,"href":"https:\/\/infoafrica.ch\/aktuell\/wp-json\/wp\/v2\/pages\/18\/revisions"}],"predecessor-version":[{"id":303,"href":"https:\/\/infoafrica.ch\/aktuell\/wp-json\/wp\/v2\/pages\/18\/revisions\/303"}],"wp:attachment":[{"href":"https:\/\/infoafrica.ch\/aktuell\/wp-json\/wp\/v2\/media?parent=18"}],"curies":[{"name":"wp","href":"https:\/\/api.w.org\/{rel}","templated":true}]}}