{"id":177,"date":"2017-05-12T15:49:27","date_gmt":"2017-05-12T15:49:27","guid":{"rendered":"http:\/\/infoafrica.ch\/aktuell\/?page_id=177"},"modified":"2017-05-12T16:26:01","modified_gmt":"2017-05-12T16:26:01","slug":"publikationen-fortswindhoek","status":"publish","type":"page","link":"https:\/\/infoafrica.ch\/aktuell\/publikationen\/publikationen-fortswindhoek\/","title":{"rendered":"(Forts.) Alltag in \u2026  Windhoek, Namibia"},"content":{"rendered":"<p><strong>Wohin mit dem Reiterdenkmal?\u00a0\u00a0\u00a0\u00a0\u00a0\u00a0\u00a0\u00a0\u00a0 <\/strong><em>Neue Wege, Heft\u00a0 Nr. 11\u00a0 November 2016<\/em><strong><br \/>\n<\/strong><\/p>\n<p>F\u00fcr eine Besichtigung Windhoeks nehme ich im Tourismus-B\u00fcro in der Stadtmitte die Dienste eines Touristen-F\u00fchrers an. Das Wetter zeigt sich von der besten Seite, kein Windchen in diesem \u201eWindwinkel\u201c, was Windhoek w\u00f6rtlich heisst, und dank der H\u00f6he von 1\u2019700 M. \u00fc. Meer, auf der die Stadt gelegen ist, ist es auch nicht allzu heiss. Issy, wie sich mein F\u00fchrer nennen l\u00e4sst, weiss jedes Detail \u00fcber alles, nennt im Verlauf unseres Spazierganges die Namen von Orten, Strassen, Pl\u00e4tzen, Geb\u00e4uden, Einkaufszentren, Statuen etc. und erl\u00e4utert Hintergr\u00fcnde und Geschichte. Es beginnt mit dem Curt von Fran\u00e7ois-Denkmal, unweit des Tourismus-B\u00fcros. So hiess der Anf\u00fchrer der deutschen Schutztruppe und Reichskommissar der deutschen Kolonie Deutsch-S\u00fcdwestafrika, der sich 1890 auf einen Vertrag mit dem Oberh\u00e4uptling der Herero, Maharero kaTjamuaha, berief, um in Windhoek eine befestigte Stellung anzulegen und die Siedlung aufzubauen. Und schon sind wir im friedlichen Stadtgebiet inmitten der gewalt- und leidvollen Geschichte der deutschen Kolonisation.<\/p>\n<p>Deutsche Schutztruppe? Wen sch\u00fctzte die? Das Volk der Nama in seinem erbitterten Kampf gegen das Volk der Herero? Und umgekehrt? \u2013 Die deutschen Interessen nat\u00fcrlich, sagt Issy.<\/p>\n<p>Was heisst das? \u2013 Die Inbesitznahme des Landes. Das war der Zweck der kolonialen Unternehmung. Reichskommissar von Fran\u00e7ois liess als erstes das Land kartographieren, aus milit\u00e4rischen Gr\u00fcnden, aber auch mit dem Zweck, Bodensch\u00e4tze und die besten Weide- und Landwirtschaftsfl\u00e4chen auszumachen. Die deutschen Siedler, die im 19. Jahrhundert auf der Suche nach einem besseren Leben auch nach Afrika auswanderten, wollten Land.<\/p>\n<p>Wie eigneten sie es sich an? Wurden die angestammten Besitzer und Bewohner enteignet und vertrieben? Wurden ihre Chiefs bezahlt oder mit l\u00e4cherlichen Entsch\u00e4digungen \u00fcbers Ohr gehauen?<\/p>\n<p>Schon von Fran\u00e7ois\u2018 Vorg\u00e4nger, Ernst Heinrich G\u00f6ring, Vater des sp\u00e4teren Reichsmarschalls und Kriegsverbrechers Hermann G\u00f6ring, hatte Maharero \u00fcber den Tisch gezogen, als er diesem einen sogenannten Schutzvertrag aufdr\u00e4ngte. Denn dieser war ganz zum Nutzen der Deutschen. Als der Herero-Chief dies erkannte, widerrief er ihn. Doch von Fran\u00e7ois zwang den Vertrag Mahareros Sohn Samuel auf, um \u2013 wie schon erw\u00e4hnt \u2013 in Windhoek Fuss fassen zu k\u00f6nnen. Als sich kurze Zeit sp\u00e4ter der Anf\u00fchrer der Nama, damals Hottentotten genannt, Hendrik Witbooi, der Herrschaft eines solchen \u201eSchutzvertrages\u201c nicht unterordnen wollte, kam es zu gewaltt\u00e4tigen Auseinandersetzungen. In deren Verlauf t\u00f6teten die deutschen Schutztruppen unter von Fran\u00e7ois\u2018 F\u00fchrung am 12. April 1893 bei einem Massaker Dutzende Frauen, Kinder und M\u00e4nner.<\/p>\n<p>Und diesem Mann verleiht noch heute eine Statue ein ehrendes Gedenken?<\/p>\n<p>Mitten in der Geschichte heisst mitten in der Gegenwart. Bei Namibias Unabh\u00e4ngigkeit 1990 besassen rund 3\u2019000 vorwiegend weisse B\u00fcrger die H\u00e4lfte des landwirtschaftlich nutzbaren Landes. Und bis heute ist der Landbesitz h\u00f6chst ungleich verteilt und ein brisantes Politikum geblieben. Wir steigen zur Alten Feste hoch und stehen vor dem sogenannten Reiterdenkmal von 1912, einem \u00fcberlebensgrossen, bronzenen Schutztruppenreiter mit Gewehr auf einem f\u00fcnf Meter hohen Steinsockel mit Inschrift: \u201e<em>Zum ehrenden Angedenken an die tapferen deutschen Krieger, welche f\u00fcr Kaiser und Reich zur Errettung und Erhaltung dieses Landes w\u00e4hrend des Herero- und Hottentotten-aufstandes \u2026ihr Leben lie\u00dfen. Zum ehrenden Andenken auch an die deutschen B\u00fcrger, welche den Eingeborenen im Aufstande zum Opfer fielen. Gefallen, Verschollen, verungl\u00fcckt, ihren Wunden erlegen und an Krankheiten gestorben \u2026<\/em>\u201c. Der Aufstand der Herero 1904 richtete sich gegen den Landraub und die Unterjochung durch die deutschen Kolonisatoren. Bei einem \u00dcberfall t\u00f6teten Herero-K\u00e4mpfer mehr als hundert deutsche Farmer und Soldaten. Die Antwort des deutschen Kommandanten Lothar von Trotha war unerbittlich: \u00abInnerhalb der deutschen Grenzen wird jeder Herero, mit oder ohne Gewehr, mit oder ohne Vieh, erschossen, ich nehme keine Weiber und Kinder mehr auf, treibe sie zu ihrem Volke zur\u00fcck oder lasse auf sie schiessen. \u00bb In der Folge wurden 50\u2019000 Herero- M\u00e4nner, Frauen und Kinder in die Omaheke-W\u00fcste gedr\u00e4ngt, der R\u00fcckweg wurde ihnen abgeschnitten. Eine grosse Zahl von ihnen verdurstete.<\/p>\n<p>Das einst stolze Rinderz\u00fcchter-Volk der Herero wurde dezimiert \u2013 einige Historiker sprechen von V\u00f6lkermord \u2013 und muss heute als Minderheit um seine Stellung in der namibischen Gesellschaft k\u00e4mpfen, doch das Gedenken gilt den Deutschen. Das kann doch nicht sein. \u2013 Issy kennt diesen Einwand. Er hat dar\u00fcber schon oft debattiert und ist dennoch der festen Meinung, dass das Reiterdenkmal als historisches Zeugnis stehen bleiben soll, ebenso die anderen Statuen und Monumente. Issaskar Hiakaere, wie er mit vollem Namen heisst, sei sogar ins Pr\u00e4sidialamt gerufen worden, um seine Argumente vorzubringen, erz\u00e4hlt er. Es hat nichts gen\u00fctzt. Das Reiterdenkmal wurde Ende 2013 entfernt. An seiner Stelle steht heute eine Statue des Landesvaters Sam Nujoma mit erhobenem Arm und der Verfassung in der Hand.<\/p>\n<p>Der bronzene Schutztruppenreiter auf seinem Pferd steht derweil im Innenhof der Alten Feste auf blosser Erde, von mehreren Stangen gest\u00fctzt, damit er nicht umf\u00e4llt.<\/p>\n","protected":false},"excerpt":{"rendered":"<p class=\"excerpt\">Wohin mit dem Reiterdenkmal?\u00a0\u00a0\u00a0\u00a0\u00a0\u00a0\u00a0\u00a0\u00a0 Neue Wege, Heft\u00a0 Nr. 11\u00a0 November 2016 F\u00fcr eine Besichtigung Windhoeks nehme ich im Tourismus-B\u00fcro in der Stadtmitte die Dienste eines Touristen-F\u00fchrers an. Das Wetter zeigt sich von der besten Seite, kein Windchen in diesem \u201eWindwinkel\u201c, was Windhoek w\u00f6rtlich heisst, und dank der H\u00f6he von 1\u2019700 M. \u00fc. Meer, auf der die Stadt gelegen ist, ist&hellip;<\/p>\n<p class=\"more-link-p\"><a class=\"btn btn-default\" href=\"https:\/\/infoafrica.ch\/aktuell\/publikationen\/publikationen-fortswindhoek\/\">Read more<\/a><\/p>\n","protected":false},"author":2,"featured_media":0,"parent":22,"menu_order":4,"comment_status":"closed","ping_status":"closed","template":"","meta":{"footnotes":""},"class_list":["post-177","page","type-page","status-publish","hentry"],"_links":{"self":[{"href":"https:\/\/infoafrica.ch\/aktuell\/wp-json\/wp\/v2\/pages\/177","targetHints":{"allow":["GET"]}}],"collection":[{"href":"https:\/\/infoafrica.ch\/aktuell\/wp-json\/wp\/v2\/pages"}],"about":[{"href":"https:\/\/infoafrica.ch\/aktuell\/wp-json\/wp\/v2\/types\/page"}],"author":[{"embeddable":true,"href":"https:\/\/infoafrica.ch\/aktuell\/wp-json\/wp\/v2\/users\/2"}],"replies":[{"embeddable":true,"href":"https:\/\/infoafrica.ch\/aktuell\/wp-json\/wp\/v2\/comments?post=177"}],"version-history":[{"count":5,"href":"https:\/\/infoafrica.ch\/aktuell\/wp-json\/wp\/v2\/pages\/177\/revisions"}],"predecessor-version":[{"id":211,"href":"https:\/\/infoafrica.ch\/aktuell\/wp-json\/wp\/v2\/pages\/177\/revisions\/211"}],"up":[{"embeddable":true,"href":"https:\/\/infoafrica.ch\/aktuell\/wp-json\/wp\/v2\/pages\/22"}],"wp:attachment":[{"href":"https:\/\/infoafrica.ch\/aktuell\/wp-json\/wp\/v2\/media?parent=177"}],"curies":[{"name":"wp","href":"https:\/\/api.w.org\/{rel}","templated":true}]}}