{"id":16,"date":"2015-12-27T18:35:04","date_gmt":"2015-12-27T18:35:04","guid":{"rendered":"http:\/\/infoafrica.ch\/aktuell\/?page_id=16"},"modified":"2019-12-20T17:01:35","modified_gmt":"2019-12-20T16:01:35","slug":"philosophie","status":"publish","type":"page","link":"https:\/\/infoafrica.ch\/aktuell\/philosophie\/","title":{"rendered":"Philosophie"},"content":{"rendered":"<h3>Universum Afrika<\/h3>\n<p><em>&#8222;Dieser Kontinent ist zu gross, als dass man ihn beschreiben k\u00f6nnte. Er ist ein regelrechter Ozean, ein eigener Planet, ein vielf\u00e4ltiger, reicher Kosmos. Wir sprechen nur der Einfachheit halber von Afrika. In Wirklichkeit gibt es dieses Afrika gar nicht, ausser als geografischer Begriff.&#8220;<\/em><\/p>\n<p>(Ryszard Kapu\u015bci\u0144ski, Vorwort zu &#8222;Afrikanisches Fieber&#8220;)<\/p>\n<p>Mit InfoAfrica m\u00f6chte ich unvoreingenommen, vorurteilsfrei und unbefangen Informationen \u00fcber afrikanische Gegebenheiten vermitteln, jenseits von Klischees, Schwarzmalen oder Sch\u00f6nf\u00e4rberei.<\/p>\n<p align=\"right\">Ruedi K\u00fcng<\/p>\n","protected":false},"excerpt":{"rendered":"<p class=\"excerpt\">Universum Afrika &#8222;Dieser Kontinent ist zu gross, als dass man ihn beschreiben k\u00f6nnte. Er ist ein regelrechter Ozean, ein eigener Planet, ein vielf\u00e4ltiger, reicher Kosmos. Wir sprechen nur der Einfachheit halber von Afrika. In Wirklichkeit gibt es dieses Afrika gar nicht, ausser als geografischer Begriff.&#8220; (Ryszard Kapu\u015bci\u0144ski, Vorwort zu &#8222;Afrikanisches Fieber&#8220;) Mit InfoAfrica m\u00f6chte ich unvoreingenommen, vorurteilsfrei und unbefangen Informationen&hellip;<\/p>\n<p class=\"more-link-p\"><a class=\"btn btn-default\" href=\"https:\/\/infoafrica.ch\/aktuell\/philosophie\/\">Read more<\/a><\/p>\n","protected":false},"author":1,"featured_media":0,"parent":0,"menu_order":2,"comment_status":"closed","ping_status":"closed","template":"","meta":{"footnotes":""},"class_list":["post-16","page","type-page","status-publish","hentry"],"_links":{"self":[{"href":"https:\/\/infoafrica.ch\/aktuell\/wp-json\/wp\/v2\/pages\/16","targetHints":{"allow":["GET"]}}],"collection":[{"href":"https:\/\/infoafrica.ch\/aktuell\/wp-json\/wp\/v2\/pages"}],"about":[{"href":"https:\/\/infoafrica.ch\/aktuell\/wp-json\/wp\/v2\/types\/page"}],"author":[{"embeddable":true,"href":"https:\/\/infoafrica.ch\/aktuell\/wp-json\/wp\/v2\/users\/1"}],"replies":[{"embeddable":true,"href":"https:\/\/infoafrica.ch\/aktuell\/wp-json\/wp\/v2\/comments?post=16"}],"version-history":[{"count":5,"href":"https:\/\/infoafrica.ch\/aktuell\/wp-json\/wp\/v2\/pages\/16\/revisions"}],"predecessor-version":[{"id":318,"href":"https:\/\/infoafrica.ch\/aktuell\/wp-json\/wp\/v2\/pages\/16\/revisions\/318"}],"wp:attachment":[{"href":"https:\/\/infoafrica.ch\/aktuell\/wp-json\/wp\/v2\/media?parent=16"}],"curies":[{"name":"wp","href":"https:\/\/api.w.org\/{rel}","templated":true}]}}